{"id":7175,"date":"2019-07-13T16:00:18","date_gmt":"2019-07-13T15:00:18","guid":{"rendered":"http:\/\/turismovallidilanzo.it\/itinerari-escursionistici-regionali\/"},"modified":"2020-09-14T15:17:42","modified_gmt":"2020-09-14T14:17:42","slug":"itinerari-escursionistici-regionali","status":"publish","type":"page","link":"https:\/\/turismovallidilanzo.it\/en\/itinerari-escursionistici-regionali\/","title":{"rendered":"Itinerari escursionistici regionali"},"content":{"rendered":"<p><a href=\"https:\/\/turismovallidilanzo.it\/wp-content\/uploads\/2019\/08\/fotomontaggio_guide2.jpg\" data-rel=\"lightbox-image-0\" data-rl_title=\"\" data-rl_caption=\"\" title=\"\"><img loading=\"lazy\" class=\"aligncenter wp-image-7070 size-full\" src=\"https:\/\/turismovallidilanzo.it\/wp-content\/uploads\/2019\/08\/fotomontaggio_guide2.jpg\" alt=\"\" width=\"1140\" height=\"500\" srcset=\"https:\/\/turismovallidilanzo.it\/wp-content\/uploads\/2019\/08\/fotomontaggio_guide2.jpg 1140w, https:\/\/turismovallidilanzo.it\/wp-content\/uploads\/2019\/08\/fotomontaggio_guide2-300x132.jpg 300w, https:\/\/turismovallidilanzo.it\/wp-content\/uploads\/2019\/08\/fotomontaggio_guide2-768x337.jpg 768w, https:\/\/turismovallidilanzo.it\/wp-content\/uploads\/2019\/08\/fotomontaggio_guide2-1024x449.jpg 1024w, https:\/\/turismovallidilanzo.it\/wp-content\/uploads\/2019\/08\/fotomontaggio_guide2-600x263.jpg 600w\" sizes=\"(max-width: 1140px) 100vw, 1140px\" \/><\/a><\/p>\n<p style=\"text-align: center;\">All\u2019interno delle Valli di Lanzo sono stati valorizzati, grazie al contributo della Regione Piemonte, 6 itinerari escursionistici a lunga percorrenza pi\u00f9 un itinerario (<strong>EscursionAble<\/strong>) accessibile anche alle persone con disabilit\u00e0. In questa pagina puoi scaricare direttamente le guide e le mappe ufficiali utili a programmare un tuo trekking di pi\u00f9 giorni sulle nostre montagne. Per ulteriori informazioni contattaci pure.<\/p>\n<p>&nbsp;<\/p>\n<hr \/>\n<p>&nbsp;<\/p>\n<p><strong>MAPPE ITINERARI ESCURSIONISTICI DI LUNGA PERCORRENZA<br \/>\n<\/strong>LONG DISTANCE HIKING TRAILS&#8217; MAPS<\/p>\n<p>&nbsp;<\/p>\n<ul>\n<li><a href=\"https:\/\/turismovallidilanzo.it\/wp-content\/uploads\/2019\/08\/cartografia_completa.pdf\" target=\"_blank\" rel=\"noopener noreferrer\"><em>Map &#8211; Itinerari escursionistici a lunga percorrenza (complete cartography)<\/em><\/a><\/li>\n<\/ul>\n<p>&nbsp;<\/p>\n<ul>\n<li><em><a href=\"https:\/\/turismovallidilanzo.it\/wp-content\/uploads\/2018\/11\/Mappa_n1_AVL_TB_cartografia.pdf\" target=\"_blank\" rel=\"noopener noreferrer\"> Map n.1 &#8211; Alta Via Valli di Lanzo e Tour della Bessanese (cartography)<\/a><\/em><\/li>\n<li><a href=\"https:\/\/turismovallidilanzo.it\/wp-content\/uploads\/2018\/11\/Mappa_n1_AVL_TB_descrizione.pdf\" target=\"_blank\" rel=\"noopener noreferrer\"><em>Map n.1 &#8211; Alta Via Valli di Lanzo e Tour della Bessanese (description)<\/em><\/a><\/li>\n<\/ul>\n<p>&nbsp;<\/p>\n<ul>\n<li><em><a href=\"https:\/\/turismovallidilanzo.it\/wp-content\/uploads\/2018\/11\/Mappa_n2_AC_TC_cartografia.pdf\" target=\"_blank\" rel=\"noopener noreferrer\">Map n.2 &#8211; Anello Ceronda e Trek Calcante (cartography)<\/a><\/em><\/li>\n<li><a href=\"https:\/\/turismovallidilanzo.it\/wp-content\/uploads\/2018\/11\/Mappa_n2_AC_TC_descrizione.pdf\" target=\"_blank\" rel=\"noopener noreferrer\"><em>Map n.2 &#8211; Anello Ceronda e Trek Calcante (description)<\/em><\/a><\/li>\n<\/ul>\n<p>&nbsp;<\/p>\n<ul>\n<li><em><a href=\"https:\/\/turismovallidilanzo.it\/wp-content\/uploads\/2018\/11\/Mappa_n3_3V_TU_ESA_cartografia.pdf\" target=\"_blank\" rel=\"noopener noreferrer\">Map n.3 &#8211; 3 Vallate, Tour dell&#8217;Uja e escursionAble (cartography)<\/a><\/em><\/li>\n<li><a href=\"https:\/\/turismovallidilanzo.it\/wp-content\/uploads\/2018\/11\/Mappa_n3_3V_TU_ESA_descrizione.pdf\" target=\"_blank\" rel=\"noopener noreferrer\"><em>Map n.3 &#8211; 3 Vallate, Tour dell&#8217;Uja e escursionAble (description)<\/em><\/a><\/li>\n<\/ul>\n<p>&nbsp;<\/p>\n<hr \/>\n<p>&nbsp;<\/p>\n<p><strong>GUIDE ITINERARI ESCURSIONISTICI DI LUNGA PERCORRENZA<br \/>\n<\/strong>LONG DISTANCE HIKING TRAILS&#8217; GUIDE<\/p>\n<p>&nbsp;<\/p>\n<p>Versione Italiano<\/p>\n<ul>\n<li><a href=\"https:\/\/turismovallidilanzo.it\/wp-content\/uploads\/2018\/11\/1A_AVL_ITALIANO.pdf\" target=\"_blank\" rel=\"noopener noreferrer\"><em>1\/A &#8211; Alta Via Valli di Lanzo &#8211; AVL<\/em><\/a><\/li>\n<li><a href=\"https:\/\/turismovallidilanzo.it\/wp-content\/uploads\/2018\/11\/1B_TB_ITALIANO.pdf\" target=\"_blank\" rel=\"noopener noreferrer\"><em>1\/B &#8211; Tour della Bessanese &#8211; TB<\/em><\/a><\/li>\n<li><a href=\"https:\/\/turismovallidilanzo.it\/wp-content\/uploads\/2018\/11\/2A_AC_ITALIANO.pdf\" target=\"_blank\" rel=\"noopener noreferrer\"><em>2\/A &#8211; Anello Ceronda &#8211; AC<\/em><\/a><\/li>\n<li><a href=\"https:\/\/turismovallidilanzo.it\/wp-content\/uploads\/2018\/11\/2B_TC_ITALIANO.pdf\" target=\"_blank\" rel=\"noopener noreferrer\"><em>2\/B &#8211; Trek Calcante &#8211; TC<\/em><\/a><\/li>\n<li><a href=\"https:\/\/turismovallidilanzo.it\/wp-content\/uploads\/2018\/11\/3A_3V_ITALIANO.pdf\" target=\"_blank\" rel=\"noopener noreferrer\"><em>3\/A &#8211; 3 Vallate &#8211; 3V<\/em><\/a><\/li>\n<li><a href=\"https:\/\/turismovallidilanzo.it\/wp-content\/uploads\/2018\/11\/3B_TU_ITALIANO.pdf\" target=\"_blank\" rel=\"noopener noreferrer\"><em>3\/B &#8211; Tour dell&#8217;Uja &#8211; TU<\/em><\/a><\/li>\n<li><a href=\"https:\/\/turismovallidilanzo.it\/wp-content\/uploads\/2018\/11\/3C_ESA_ITALIANO.pdf\" target=\"_blank\" rel=\"noopener noreferrer\"><em>3\/C &#8211; EscursionAble &#8211; ESA<\/em><\/a><\/li>\n<\/ul>\n<p>&nbsp;<\/p>\n<p>Version Fran\u00e7aise<\/p>\n<ul>\n<li><a href=\"https:\/\/turismovallidilanzo.it\/wp-content\/uploads\/2018\/11\/1A_AVL_FRANCESE.pdf\" target=\"_blank\" rel=\"noopener noreferrer\"><em>1\/A &#8211; Alta Via Valli di Lanzo &#8211; AVL<\/em><\/a><\/li>\n<li><a href=\"https:\/\/turismovallidilanzo.it\/wp-content\/uploads\/2018\/11\/1B_TB_FRANCESE.pdf\" target=\"_blank\" rel=\"noopener noreferrer\"><em>1\/B &#8211; Tour della Bessanese &#8211; TB<\/em><\/a><\/li>\n<li><a href=\"https:\/\/turismovallidilanzo.it\/wp-content\/uploads\/2018\/11\/2A_AC_FRANCESE.pdf\" target=\"_blank\" rel=\"noopener noreferrer\"><em>2\/A &#8211; Anello Ceronda &#8211; AC<\/em><\/a><\/li>\n<li><a href=\"https:\/\/turismovallidilanzo.it\/wp-content\/uploads\/2018\/11\/2B_TC_FRANCESE.pdf\" target=\"_blank\" rel=\"noopener noreferrer\"><em>2\/B &#8211; Trek Calcante &#8211; TC<\/em><\/a><\/li>\n<li><a href=\"https:\/\/turismovallidilanzo.it\/wp-content\/uploads\/2018\/11\/3A_3V_FRANCESE.pdf\" target=\"_blank\" rel=\"noopener noreferrer\"><em>3\/A &#8211; 3 Vallate &#8211; 3V<\/em><\/a><\/li>\n<li style=\"text-align: left;\"><a href=\"https:\/\/turismovallidilanzo.it\/wp-content\/uploads\/2018\/11\/3B_TU_FRANCESE.pdf\" target=\"_blank\" rel=\"noopener noreferrer\"><em>3\/B &#8211; Tour dell&#8217;Uja &#8211; TU<\/em><\/a><\/li>\n<li><a href=\"https:\/\/turismovallidilanzo.it\/wp-content\/uploads\/2018\/11\/3C_ESA_FRANCESE.pdf\" target=\"_blank\" rel=\"noopener noreferrer\"><em>3\/C &#8211; EscursionAble &#8211; ESA<\/em><\/a><\/li>\n<\/ul>\n<p>&nbsp;<\/p>\n<p>English Version<\/p>\n<ul>\n<li><a href=\"https:\/\/turismovallidilanzo.it\/wp-content\/uploads\/2018\/11\/1A_AVL_INGLESE.pdf\" target=\"_blank\" rel=\"noopener noreferrer\"><em>1\/A &#8211; Alta Via Valli di Lanzo &#8211; AVL<\/em><\/a><\/li>\n<li><a href=\"https:\/\/turismovallidilanzo.it\/wp-content\/uploads\/2018\/11\/1B_TB_INGLESE.pdf\" target=\"_blank\" rel=\"noopener noreferrer\"><em>1\/B &#8211; Tour della Bessanese &#8211; TB<\/em><\/a><\/li>\n<li><a href=\"https:\/\/turismovallidilanzo.it\/wp-content\/uploads\/2018\/11\/2A_AC_INGLESE.pdf\" target=\"_blank\" rel=\"noopener noreferrer\"><em>2\/A &#8211; Anello Ceronda &#8211; AC<\/em><\/a><\/li>\n<li><a href=\"https:\/\/turismovallidilanzo.it\/wp-content\/uploads\/2018\/11\/2B_TC_INGLESE.pdf\" target=\"_blank\" rel=\"noopener noreferrer\"><em>2\/B &#8211; Trek Calcante &#8211; TC<\/em><\/a><\/li>\n<li><a href=\"https:\/\/turismovallidilanzo.it\/wp-content\/uploads\/2018\/11\/3A_3V_INGLESE.pdf\" target=\"_blank\" rel=\"noopener noreferrer\"><em>3\/A &#8211; 3 Vallate &#8211; 3V<\/em><\/a><\/li>\n<li><a href=\"https:\/\/turismovallidilanzo.it\/wp-content\/uploads\/2018\/11\/3B_TU_INGLESE.pdf\" target=\"_blank\" rel=\"noopener noreferrer\"><em>3\/B &#8211; Tour dell&#8217;Uja &#8211; TU<\/em><\/a><\/li>\n<li><a href=\"https:\/\/turismovallidilanzo.it\/wp-content\/uploads\/2018\/11\/3C_ESA_INGLESE.pdf\" target=\"_blank\" rel=\"noopener noreferrer\"><em>3\/C &#8211; EscursionAble &#8211; ESA<\/em><\/a><\/li>\n<\/ul>\n<p>&nbsp;<\/p>\n<p>Deutsche Version<\/p>\n<ul>\n<li><a href=\"https:\/\/turismovallidilanzo.it\/wp-content\/uploads\/2018\/11\/1A_AVL_TEDESCO.pdf\" target=\"_blank\" rel=\"noopener noreferrer\"><em>1\/A &#8211; Alta Via Valli di Lanzo &#8211; AVL<\/em><\/a><\/li>\n<li><a href=\"https:\/\/turismovallidilanzo.it\/wp-content\/uploads\/2018\/11\/1B_TB_TEDESCO.pdf\" target=\"_blank\" rel=\"noopener noreferrer\"><em>1\/B &#8211; Tour della Bessanese &#8211; TB<\/em><\/a><\/li>\n<li><a href=\"https:\/\/turismovallidilanzo.it\/wp-content\/uploads\/2018\/11\/2A_AC_TEDESCO.pdf\" target=\"_blank\" rel=\"noopener noreferrer\"><em>2\/A &#8211; Anello Ceronda &#8211; AC<\/em><\/a><\/li>\n<li><a href=\"https:\/\/turismovallidilanzo.it\/wp-content\/uploads\/2018\/11\/2B_TC_TEDESCO.pdf\" target=\"_blank\" rel=\"noopener noreferrer\"><em>2\/B &#8211; Trek Calcante &#8211; TC<\/em><\/a><\/li>\n<li><a href=\"https:\/\/turismovallidilanzo.it\/wp-content\/uploads\/2018\/11\/3A_3V_TEDESCO.pdf\" target=\"_blank\" rel=\"noopener noreferrer\"><em>3\/A &#8211; 3 Vallate &#8211; 3V<\/em><\/a><\/li>\n<li><a href=\"https:\/\/turismovallidilanzo.it\/wp-content\/uploads\/2018\/11\/3B_TU_TEDESCO.pdf\" target=\"_blank\" rel=\"noopener noreferrer\"><em>3\/B &#8211; Tour dell&#8217;Uja &#8211; TU<\/em><\/a><\/li>\n<li><a href=\"https:\/\/turismovallidilanzo.it\/wp-content\/uploads\/2018\/11\/3C_ESA_TEDESCO.pdf\" target=\"_blank\" rel=\"noopener noreferrer\"><em>3\/C &#8211; EscursionAble &#8211; ESA<\/em><\/a><\/li>\n<\/ul>\n<p>&nbsp;<\/p>\n<hr \/>\n<p><a href=\"https:\/\/www.piemonteoutdoor.it\" target=\"_blank\" rel=\"noopener noreferrer\"><img loading=\"lazy\" class=\"aligncenter wp-image-7060\" src=\"https:\/\/turismovallidilanzo.it\/wp-content\/uploads\/2019\/08\/logo_piemote_outdoor-1024x224.jpg\" alt=\"\" width=\"700\" height=\"153\" srcset=\"https:\/\/turismovallidilanzo.it\/wp-content\/uploads\/2019\/08\/logo_piemote_outdoor.jpg 1024w, https:\/\/turismovallidilanzo.it\/wp-content\/uploads\/2019\/08\/logo_piemote_outdoor-300x66.jpg 300w, https:\/\/turismovallidilanzo.it\/wp-content\/uploads\/2019\/08\/logo_piemote_outdoor-768x168.jpg 768w, https:\/\/turismovallidilanzo.it\/wp-content\/uploads\/2019\/08\/logo_piemote_outdoor-600x131.jpg 600w\" sizes=\"(max-width: 700px) 100vw, 700px\" \/><\/a><\/p>\n<p style=\"text-align: center;\"><em>\u00a0INTERVENTI REALIZZATI DALL&#8217;ENTE BENEFICIARIO Unione Montana Valli di Lanzo, Ceronda e Casternone<\/em><\/p>\n<p style=\"text-align: center;\"><em>\u00a0INTERVENTI REALIZZATI DALL&#8217;ENTE BENEFICIARIO Unione Montana Alpi Graie<\/em><a href=\"https:\/\/turismovallidilanzo.it\/wp-content\/uploads\/2019\/08\/Intervento_Spunto_Unioni.jpg\" data-rel=\"lightbox-image-1\" data-rl_title=\"\" data-rl_caption=\"\" title=\"\"><br \/>\n<img loading=\"lazy\" class=\"aligncenter wp-image-7062 size-large\" src=\"https:\/\/turismovallidilanzo.it\/wp-content\/uploads\/2019\/08\/Intervento_Spunto_Unioni-724x1024.jpg\" alt=\"\" width=\"724\" height=\"1024\" srcset=\"https:\/\/turismovallidilanzo.it\/wp-content\/uploads\/2019\/08\/Intervento_Spunto_Unioni-724x1024.jpg 724w, https:\/\/turismovallidilanzo.it\/wp-content\/uploads\/2019\/08\/Intervento_Spunto_Unioni-212x300.jpg 212w, https:\/\/turismovallidilanzo.it\/wp-content\/uploads\/2019\/08\/Intervento_Spunto_Unioni-768x1086.jpg 768w, https:\/\/turismovallidilanzo.it\/wp-content\/uploads\/2019\/08\/Intervento_Spunto_Unioni-600x849.jpg 600w, https:\/\/turismovallidilanzo.it\/wp-content\/uploads\/2019\/08\/Intervento_Spunto_Unioni.jpg 1240w\" sizes=\"(max-width: 724px) 100vw, 724px\" \/><\/a><\/p>\n<p>&nbsp;<\/p>\n","protected":false},"excerpt":{"rendered":"<p>All\u2019interno delle Valli di Lanzo sono stati valorizzati, grazie al contributo della Regione Piemonte, 6 itinerari escursionistici a lunga percorrenza pi\u00f9 un itinerario (EscursionAble) accessibile anche alle persone con disabilit\u00e0. In questa pagina puoi scaricare direttamente le guide e le mappe ufficiali utili a programmare un tuo trekking di pi\u00f9 giorni sulle nostre montagne. Per [&hellip;]<\/p>\n","protected":false},"author":4,"featured_media":0,"parent":0,"menu_order":0,"comment_status":"closed","ping_status":"closed","template":"","meta":[],"acf":[],"yoast_head":"<!-- This site is optimized with the Yoast SEO plugin v16.5 - https:\/\/yoast.com\/wordpress\/plugins\/seo\/ -->\n<meta name=\"description\" content=\"In questa pagina puoi scaricare direttamente le guide e le mappe ufficiali utili a programmare un tuo trekking sugli itinerari delle Valli di Lanzo\" \/>\n<meta name=\"robots\" content=\"index, follow, max-snippet:-1, max-image-preview:large, max-video-preview:-1\" \/>\n<link rel=\"canonical\" href=\"https:\/\/turismovallidilanzo.it\/en\/itinerari-escursionistici-regionali\/\" \/>\n<meta property=\"og:locale\" content=\"en_US\" \/>\n<meta property=\"og:type\" content=\"article\" \/>\n<meta property=\"og:title\" content=\"Itinerari escursionistici regionali - Turismo nelle Valli di Lanzo\" \/>\n<meta property=\"og:description\" content=\"In questa pagina puoi scaricare direttamente le guide e le mappe ufficiali utili a programmare un tuo trekking sugli itinerari delle Valli di Lanzo\" \/>\n<meta property=\"og:url\" content=\"https:\/\/turismovallidilanzo.it\/en\/itinerari-escursionistici-regionali\/\" \/>\n<meta property=\"og:site_name\" content=\"Turismo nelle Valli di Lanzo\" \/>\n<meta property=\"article:modified_time\" content=\"2020-09-14T14:17:42+00:00\" \/>\n<meta property=\"og:image\" content=\"https:\/\/turismovallidilanzo.it\/wp-content\/uploads\/2019\/08\/fotomontaggio_guide2.jpg\" \/>\n<meta name=\"twitter:label1\" content=\"Est. reading time\" \/>\n\t<meta name=\"twitter:data1\" content=\"2 minutes\" \/>\n<script type=\"application\/ld+json\" class=\"yoast-schema-graph\">{\"@context\":\"https:\/\/schema.org\",\"@graph\":[{\"@type\":\"WebSite\",\"@id\":\"https:\/\/turismovallidilanzo.it\/#website\",\"url\":\"https:\/\/turismovallidilanzo.it\/\",\"name\":\"Turismo nelle Valli di Lanzo\",\"description\":\"Official portal of the Valli di Lanzo\",\"potentialAction\":[{\"@type\":\"SearchAction\",\"target\":\"https:\/\/turismovallidilanzo.it\/?s={search_term_string}\",\"query-input\":\"required name=search_term_string\"}],\"inLanguage\":\"en-US\"},{\"@type\":\"ImageObject\",\"@id\":\"https:\/\/turismovallidilanzo.it\/en\/itinerari-escursionistici-regionali\/#primaryimage\",\"inLanguage\":\"en-US\",\"url\":\"https:\/\/turismovallidilanzo.it\/wp-content\/uploads\/2019\/08\/fotomontaggio_guide2.jpg\",\"contentUrl\":\"https:\/\/turismovallidilanzo.it\/wp-content\/uploads\/2019\/08\/fotomontaggio_guide2.jpg\",\"width\":1140,\"height\":500},{\"@type\":\"WebPage\",\"@id\":\"https:\/\/turismovallidilanzo.it\/en\/itinerari-escursionistici-regionali\/#webpage\",\"url\":\"https:\/\/turismovallidilanzo.it\/en\/itinerari-escursionistici-regionali\/\",\"name\":\"Itinerari escursionistici regionali - Turismo nelle Valli di Lanzo\",\"isPartOf\":{\"@id\":\"https:\/\/turismovallidilanzo.it\/#website\"},\"primaryImageOfPage\":{\"@id\":\"https:\/\/turismovallidilanzo.it\/en\/itinerari-escursionistici-regionali\/#primaryimage\"},\"datePublished\":\"2019-07-13T15:00:18+00:00\",\"dateModified\":\"2020-09-14T14:17:42+00:00\",\"description\":\"In questa pagina puoi scaricare direttamente le guide e le mappe ufficiali utili a programmare un tuo trekking sugli itinerari delle Valli di Lanzo\",\"breadcrumb\":{\"@id\":\"https:\/\/turismovallidilanzo.it\/en\/itinerari-escursionistici-regionali\/#breadcrumb\"},\"inLanguage\":\"en-US\",\"potentialAction\":[{\"@type\":\"ReadAction\",\"target\":[\"https:\/\/turismovallidilanzo.it\/en\/itinerari-escursionistici-regionali\/\"]}]},{\"@type\":\"BreadcrumbList\",\"@id\":\"https:\/\/turismovallidilanzo.it\/en\/itinerari-escursionistici-regionali\/#breadcrumb\",\"itemListElement\":[{\"@type\":\"ListItem\",\"position\":1,\"name\":\"Home\",\"item\":\"https:\/\/turismovallidilanzo.it\/en\/home-2\/\"},{\"@type\":\"ListItem\",\"position\":2,\"name\":\"Itinerari escursionistici regionali\"}]}]}<\/script>\n<!-- \/ Yoast SEO plugin. -->","_links":{"self":[{"href":"https:\/\/turismovallidilanzo.it\/en\/wp-json\/wp\/v2\/pages\/7175\/"}],"collection":[{"href":"https:\/\/turismovallidilanzo.it\/en\/wp-json\/wp\/v2\/pages\/"}],"about":[{"href":"https:\/\/turismovallidilanzo.it\/en\/wp-json\/wp\/v2\/types\/page\/"}],"author":[{"embeddable":true,"href":"https:\/\/turismovallidilanzo.it\/en\/wp-json\/wp\/v2\/users\/4\/"}],"replies":[{"embeddable":true,"href":"https:\/\/turismovallidilanzo.it\/en\/wp-json\/wp\/v2\/comments\/?post=7175"}],"version-history":[{"count":4,"href":"https:\/\/turismovallidilanzo.it\/en\/wp-json\/wp\/v2\/pages\/7175\/revisions\/"}],"predecessor-version":[{"id":9237,"href":"https:\/\/turismovallidilanzo.it\/en\/wp-json\/wp\/v2\/pages\/7175\/revisions\/9237\/"}],"wp:attachment":[{"href":"https:\/\/turismovallidilanzo.it\/en\/wp-json\/wp\/v2\/media\/?parent=7175"}],"curies":[{"name":"wp","href":"https:\/\/api.w.org\/{rel}","templated":true}]}}